{"id":2,"date":"2010-05-03T14:11:16","date_gmt":"2010-05-03T17:11:16","guid":{"rendered":"http:\/\/christianherzog.com\/blog\/?page_id=2"},"modified":"2010-11-26T20:13:29","modified_gmt":"2010-11-26T20:13:29","slug":"about","status":"publish","type":"page","link":"https:\/\/christianherzog.com\/blog\/about\/","title":{"rendered":"About"},"content":{"rendered":"<p><a  href=\"http:\/\/christianherzog.com\/blog\/wp-content\/uploads\/2010\/05\/DSC0198_PB.jpg\" data-rel=\"lightbox-gallery-0\" data-rl_title=\"\" data-rl_caption=\"\"><img decoding=\"async\" loading=\"lazy\" class=\"alignnone size-medium wp-image-29\" title=\"\" src=\"http:\/\/christianherzog.com\/blog\/wp-content\/uploads\/2010\/05\/DSC0198_PB-211x300.jpg\" alt=\"Self Portrait\" width=\"211\" height=\"300\" srcset=\"https:\/\/christianherzog.com\/blog\/wp-content\/uploads\/2010\/05\/DSC0198_PB-211x300.jpg 211w, https:\/\/christianherzog.com\/blog\/wp-content\/uploads\/2010\/05\/DSC0198_PB.jpg 600w\" sizes=\"(max-width: 211px) 100vw, 211px\" \/><\/a><\/p>\n<h1>Christian Herzog<\/h1>\n<p>Fotografando desde 2002, venho contribuindo para v\u00e1rios ve\u00edculos, empresas e pessoas na divulga\u00e7\u00e3o da cultura surf.<\/p>\n<p>Maiores informa\u00e7\u00f5es pelo <strong>fone (48) 9987-4364<\/strong> ou <strong>email: <a href=\"mailto:chris_design@hotmail.com\">chris_design@hotmail.com<\/a><\/strong><\/p>\n","protected":false},"excerpt":{"rendered":"<p>Christian Herzog Fotografando desde 2002, venho contribuindo para v\u00e1rios ve\u00edculos, empresas e pessoas na divulga\u00e7\u00e3o da cultura surf. Maiores informa\u00e7\u00f5es pelo fone (48) 9987-4364 ou email: chris_design@hotmail.com<\/p>\n","protected":false},"author":1,"featured_media":0,"parent":0,"menu_order":0,"comment_status":"open","ping_status":"open","template":"","meta":{"_mi_skip_tracking":false,"_links_to":"","_links_to_target":""},"yoast_head":"<!-- This site is optimized with the Yoast SEO plugin v20.0 - https:\/\/yoast.com\/wordpress\/plugins\/seo\/ -->\n<title>About - christianherzog.com<\/title>\n<meta name=\"robots\" content=\"index, follow, max-snippet:-1, max-image-preview:large, max-video-preview:-1\" \/>\n<link rel=\"canonical\" href=\"https:\/\/christianherzog.com\/blog\/about\/\" \/>\n<meta property=\"og:locale\" content=\"en_US\" \/>\n<meta property=\"og:type\" content=\"article\" \/>\n<meta property=\"og:title\" content=\"About - christianherzog.com\" \/>\n<meta property=\"og:description\" content=\"Christian Herzog Fotografando desde 2002, venho contribuindo para v\u00e1rios ve\u00edculos, empresas e pessoas na divulga\u00e7\u00e3o da cultura surf. Maiores informa\u00e7\u00f5es pelo fone (48) 9987-4364 ou email: chris_design@hotmail.com\" \/>\n<meta property=\"og:url\" content=\"https:\/\/christianherzog.com\/blog\/about\/\" \/>\n<meta property=\"og:site_name\" content=\"christianherzog.com\" \/>\n<meta property=\"article:publisher\" content=\"https:\/\/www.facebook.com\/christian.herzog.52\" \/>\n<meta property=\"article:modified_time\" content=\"2010-11-26T20:13:29+00:00\" \/>\n<meta property=\"og:image\" content=\"http:\/\/christianherzog.com\/blog\/wp-content\/uploads\/2010\/05\/DSC0198_PB-211x300.jpg\" \/>\n<meta name=\"twitter:card\" content=\"summary_large_image\" \/>\n<script type=\"application\/ld+json\" class=\"yoast-schema-graph\">{\"@context\":\"https:\/\/schema.org\",\"@graph\":[{\"@type\":\"WebPage\",\"@id\":\"https:\/\/christianherzog.com\/blog\/about\/\",\"url\":\"https:\/\/christianherzog.com\/blog\/about\/\",\"name\":\"About - christianherzog.com\",\"isPartOf\":{\"@id\":\"https:\/\/christianherzog.com\/blog\/#website\"},\"datePublished\":\"2010-05-03T17:11:16+00:00\",\"dateModified\":\"2010-11-26T20:13:29+00:00\",\"breadcrumb\":{\"@id\":\"https:\/\/christianherzog.com\/blog\/about\/#breadcrumb\"},\"inLanguage\":\"en-US\",\"potentialAction\":[{\"@type\":\"ReadAction\",\"target\":[\"https:\/\/christianherzog.com\/blog\/about\/\"]}]},{\"@type\":\"BreadcrumbList\",\"@id\":\"https:\/\/christianherzog.com\/blog\/about\/#breadcrumb\",\"itemListElement\":[{\"@type\":\"ListItem\",\"position\":1,\"name\":\"Home\",\"item\":\"https:\/\/christianherzog.com\/blog\/\"},{\"@type\":\"ListItem\",\"position\":2,\"name\":\"About\"}]},{\"@type\":\"WebSite\",\"@id\":\"https:\/\/christianherzog.com\/blog\/#website\",\"url\":\"https:\/\/christianherzog.com\/blog\/\",\"name\":\"christianherzog.com\",\"description\":\"Photography\",\"potentialAction\":[{\"@type\":\"SearchAction\",\"target\":{\"@type\":\"EntryPoint\",\"urlTemplate\":\"https:\/\/christianherzog.com\/blog\/?s={search_term_string}\"},\"query-input\":\"required name=search_term_string\"}],\"inLanguage\":\"en-US\"}]}<\/script>\n<!-- \/ Yoast SEO plugin. -->","yoast_head_json":{"title":"About - christianherzog.com","robots":{"index":"index","follow":"follow","max-snippet":"max-snippet:-1","max-image-preview":"max-image-preview:large","max-video-preview":"max-video-preview:-1"},"canonical":"https:\/\/christianherzog.com\/blog\/about\/","og_locale":"en_US","og_type":"article","og_title":"About - christianherzog.com","og_description":"Christian Herzog Fotografando desde 2002, venho contribuindo para v\u00e1rios ve\u00edculos, empresas e pessoas na divulga\u00e7\u00e3o da cultura surf. Maiores informa\u00e7\u00f5es pelo fone (48) 9987-4364 ou email: chris_design@hotmail.com","og_url":"https:\/\/christianherzog.com\/blog\/about\/","og_site_name":"christianherzog.com","article_publisher":"https:\/\/www.facebook.com\/christian.herzog.52","article_modified_time":"2010-11-26T20:13:29+00:00","og_image":[{"url":"http:\/\/christianherzog.com\/blog\/wp-content\/uploads\/2010\/05\/DSC0198_PB-211x300.jpg"}],"twitter_card":"summary_large_image","schema":{"@context":"https:\/\/schema.org","@graph":[{"@type":"WebPage","@id":"https:\/\/christianherzog.com\/blog\/about\/","url":"https:\/\/christianherzog.com\/blog\/about\/","name":"About - christianherzog.com","isPartOf":{"@id":"https:\/\/christianherzog.com\/blog\/#website"},"datePublished":"2010-05-03T17:11:16+00:00","dateModified":"2010-11-26T20:13:29+00:00","breadcrumb":{"@id":"https:\/\/christianherzog.com\/blog\/about\/#breadcrumb"},"inLanguage":"en-US","potentialAction":[{"@type":"ReadAction","target":["https:\/\/christianherzog.com\/blog\/about\/"]}]},{"@type":"BreadcrumbList","@id":"https:\/\/christianherzog.com\/blog\/about\/#breadcrumb","itemListElement":[{"@type":"ListItem","position":1,"name":"Home","item":"https:\/\/christianherzog.com\/blog\/"},{"@type":"ListItem","position":2,"name":"About"}]},{"@type":"WebSite","@id":"https:\/\/christianherzog.com\/blog\/#website","url":"https:\/\/christianherzog.com\/blog\/","name":"christianherzog.com","description":"Photography","potentialAction":[{"@type":"SearchAction","target":{"@type":"EntryPoint","urlTemplate":"https:\/\/christianherzog.com\/blog\/?s={search_term_string}"},"query-input":"required name=search_term_string"}],"inLanguage":"en-US"}]}},"_links":{"self":[{"href":"https:\/\/christianherzog.com\/blog\/wp-json\/wp\/v2\/pages\/2"}],"collection":[{"href":"https:\/\/christianherzog.com\/blog\/wp-json\/wp\/v2\/pages"}],"about":[{"href":"https:\/\/christianherzog.com\/blog\/wp-json\/wp\/v2\/types\/page"}],"author":[{"embeddable":true,"href":"https:\/\/christianherzog.com\/blog\/wp-json\/wp\/v2\/users\/1"}],"replies":[{"embeddable":true,"href":"https:\/\/christianherzog.com\/blog\/wp-json\/wp\/v2\/comments?post=2"}],"version-history":[{"count":4,"href":"https:\/\/christianherzog.com\/blog\/wp-json\/wp\/v2\/pages\/2\/revisions"}],"predecessor-version":[{"id":27,"href":"https:\/\/christianherzog.com\/blog\/wp-json\/wp\/v2\/pages\/2\/revisions\/27"}],"wp:attachment":[{"href":"https:\/\/christianherzog.com\/blog\/wp-json\/wp\/v2\/media?parent=2"}],"curies":[{"name":"wp","href":"https:\/\/api.w.org\/{rel}","templated":true}]}}